{"id":13849,"date":"2022-05-26T23:37:52","date_gmt":"2022-05-26T23:37:52","guid":{"rendered":"https:\/\/www.therubberrollers.com\/?post_type=product&#038;p=13849"},"modified":"2023-12-22T23:55:58","modified_gmt":"2023-12-22T23:55:58","slug":"comory-lithrone-29","status":"publish","type":"product","link":"https:\/\/www.therubberrollers.com\/index.php\/product\/comory-lithrone-29\/","title":{"rendered":"Comory Lithrone 29 P"},"content":{"rendered":"<body><h5>Especifica\u00e7\u00f5es do Diagrama de Configura\u00e7\u00e3o do Rolo<\/h5>\n<table class=\"mceItemTable\" border=\"0\" cellspacing=\"0\" cellpadding=\"0\">\n<tbody>\n<tr>\n<td>\n<p align=\"center\"><span style=\"font-size: 10pt; line-height: normal;\"><strong>Tinteiras \u00a0 \u00a0 \u00a0 \u00a0 \u00a0 \u00a0 \u00a0\u00a0<\/strong><\/span><\/p>\n<\/td>\n<td>\n<p align=\"center\">Ky<\/p>\n<\/td>\n<td>\n<p align=\"center\"><span style=\"font-size: 10pt; line-height: normal;\">\u00a0<\/span><\/p>\n<\/td>\n<td>\n<p align=\"center\"><strong style=\"font-size: 10pt; font-family: inherit; text-align: left; color: var(--rz-text-color);\">Definir<br>\nQuantidade \u00a0 \u00a0<\/strong><\/p>\n<\/td>\n<td>\n<p align=\"center\"><strong style=\"font-size: 10pt; font-family: inherit; text-align: left; color: var(--rz-text-color);\">Rolo<br>\nEle \u00a0 \u00a0 \u00a0 \u00a0 \u00a0\u00a0<\/strong><\/p>\n<\/td>\n<td>\n<p align=\"center\"><strong style=\"font-size: 10pt; font-family: inherit; text-align: left; color: var(--rz-text-color);\">Rosto<br>\nComprimento \u00a0<\/strong><\/p>\n<\/td>\n<td>\n<p align=\"center\">Total<br>\nComprimento<\/p>\n<\/td>\n<\/tr>\n<tr>\n<td>Rolo de formul\u00e1rio<\/td>\n<td><span style=\"font-size: 10pt; line-height: normal;\">A<\/span><\/td>\n<td><span style=\"font-size: 10pt; line-height: normal;\">\u00a0<\/span><\/td>\n<td><span style=\"font-size: 10pt; line-height: normal;\">1<\/span><\/td>\n<td><span style=\"font-size: 10pt; line-height: normal;\">71<\/span><\/td>\n<td><span style=\"font-size: 10pt; line-height: normal;\">764<\/span><\/td>\n<td><span style=\"font-size: 10pt; line-height: normal;\">832<\/span><\/td>\n<\/tr>\n<tr>\n<td>Rolo de formul\u00e1rio<\/td>\n<td><span style=\"font-size: 10pt; line-height: normal;\">B\u00a0\u00a0\u00a0\u00a0\u00a0\u00a0\u00a0\u00a0 \u00a0<\/span><\/td>\n<td><span style=\"font-size: 10pt; line-height: normal;\">\u00a0<\/span><\/td>\n<td><span style=\"font-size: 10pt; line-height: normal;\">1<\/span><\/td>\n<td><span style=\"font-size: 10pt; line-height: normal;\">68<\/span><\/td>\n<td><span style=\"font-size: 10pt; line-height: normal;\">764<\/span><\/td>\n<td><span style=\"font-size: 10pt; line-height: normal;\">832<\/span><\/td>\n<\/tr>\n<tr>\n<td>Rolo de formul\u00e1rio<\/td>\n<td><span style=\"font-size: 10pt; line-height: normal;\">C<\/span><\/td>\n<td><span style=\"font-size: 10pt; line-height: normal;\">\u00a0<\/span><\/td>\n<td><span style=\"font-size: 10pt; line-height: normal;\">1<\/span><\/td>\n<td><span style=\"font-size: 10pt; line-height: normal;\">62<\/span><\/td>\n<td><span style=\"font-size: 10pt; line-height: normal;\">764<\/span><\/td>\n<td><span style=\"font-size: 10pt; line-height: normal;\">832<\/span><\/td>\n<\/tr>\n<tr>\n<td>Rolo de formul\u00e1rio<\/td>\n<td><span style=\"font-size: 10pt; line-height: normal;\">D<\/span><\/td>\n<td><span style=\"font-size: 10pt; line-height: normal;\">\u00a0<\/span><\/td>\n<td><span style=\"font-size: 10pt; line-height: normal;\">1<\/span><\/td>\n<td><span style=\"font-size: 10pt; line-height: normal;\">75<\/span><\/td>\n<td><span style=\"font-size: 10pt; line-height: normal;\">764<\/span><\/td>\n<td><span style=\"font-size: 10pt; line-height: normal;\">832<\/span><\/td>\n<\/tr>\n<tr>\n<td>Guia<\/td>\n<td><span style=\"font-size: 10pt; line-height: normal;\">E<\/span><\/td>\n<td><span style=\"font-size: 10pt; line-height: normal;\">\u00a0<\/span><\/td>\n<td><span style=\"font-size: 10pt; line-height: normal;\">1<\/span><\/td>\n<td><span style=\"font-size: 10pt; line-height: normal;\">60<\/span><\/td>\n<td><span style=\"font-size: 10pt; line-height: normal;\">770<\/span><\/td>\n<td><span style=\"font-size: 10pt; line-height: normal;\">870<\/span><\/td>\n<\/tr>\n<tr>\n<td>Distribuidora<\/td>\n<td><span style=\"font-size: 10pt; line-height: normal;\">F<\/span><\/td>\n<td><span style=\"font-size: 10pt; line-height: normal;\">\u00a0<\/span><\/td>\n<td><span style=\"font-size: 10pt; line-height: normal;\">2<\/span><\/td>\n<td><span style=\"font-size: 10pt; line-height: normal;\">60<\/span><\/td>\n<td><span style=\"font-size: 10pt; line-height: normal;\">764<\/span><\/td>\n<td><span style=\"font-size: 10pt; line-height: normal;\">870<\/span><\/td>\n<\/tr>\n<tr>\n<td>Distribuidora<\/td>\n<td><span style=\"font-size: 10pt; line-height: normal;\">G<\/span><\/td>\n<td><span style=\"font-size: 10pt; line-height: normal;\">\u00a0<\/span><\/td>\n<td><span style=\"font-size: 10pt; line-height: normal;\">2<\/span><\/td>\n<td><span style=\"font-size: 10pt; line-height: normal;\">65<\/span><\/td>\n<td><span style=\"font-size: 10pt; line-height: normal;\">764<\/span><\/td>\n<td><span style=\"font-size: 10pt; line-height: normal;\">870<\/span><\/td>\n<\/tr>\n<tr>\n<td>Distribuidora<\/td>\n<td><span style=\"font-size: 10pt; line-height: normal;\">H<\/span><\/td>\n<td><span style=\"font-size: 10pt; line-height: normal;\">\u00a0<\/span><\/td>\n<td><span style=\"font-size: 10pt; line-height: normal;\">1<\/span><\/td>\n<td><span style=\"font-size: 10pt; line-height: normal;\">80<\/span><\/td>\n<td><span style=\"font-size: 10pt; line-height: normal;\">770<\/span><\/td>\n<td><span style=\"font-size: 10pt; line-height: normal;\">814<\/span><\/td>\n<\/tr>\n<tr>\n<td>Distribuidora<\/td>\n<td><span style=\"font-size: 10pt; line-height: normal;\">I<\/span><\/td>\n<td><span style=\"font-size: 10pt; line-height: normal;\">\u00a0<\/span><\/td>\n<td><span style=\"font-size: 10pt; line-height: normal;\">1<\/span><\/td>\n<td><span style=\"font-size: 10pt; line-height: normal;\">82<\/span><\/td>\n<td><span style=\"font-size: 10pt; line-height: normal;\">764<\/span><\/td>\n<td><span style=\"font-size: 10pt; line-height: normal;\">870<\/span><\/td>\n<\/tr>\n<tr>\n<td colspan=\"8\">\n<p align=\"center\"><span style=\"font-size: 10pt; line-height: normal;\"><strong>Komorimatic \u00a0\u00a0sistema de amortecimento cont\u00ednuo \u00a0 \u00a0<\/strong><\/span><\/p>\n<\/td>\n<\/tr>\n<tr>\n<td>Forma de \u00c1gua<\/td>\n<td><span style=\"font-size: 10pt; line-height: normal;\">V<\/span><\/td>\n<td><span style=\"font-size: 10pt; line-height: normal;\">\u00a0<\/span><\/td>\n<td><span style=\"font-size: 10pt; line-height: normal;\">1<\/span><\/td>\n<td><span style=\"font-size: 10pt; line-height: normal;\">80<\/span><\/td>\n<td><span style=\"font-size: 10pt; line-height: normal;\">768<\/span><\/td>\n<td><span style=\"font-size: 10pt; line-height: normal;\">918<\/span><\/td>\n<td><span style=\"font-size: 10pt; line-height: normal;\">\u00a0<\/span><\/td>\n<\/tr>\n<tr>\n<td>Medidor de \u00e1gua<\/td>\n<td><span style=\"font-size: 10pt; line-height: normal;\">W<\/span><\/td>\n<td><span style=\"font-size: 10pt; line-height: normal;\">\u00a0<\/span><\/td>\n<td><span style=\"font-size: 10pt; line-height: normal;\">1<\/span><\/td>\n<td><span style=\"font-size: 10pt; line-height: normal;\">73<\/span><\/td>\n<td><span style=\"font-size: 10pt; line-height: normal;\">825<\/span><\/td>\n<td><span style=\"font-size: 10pt; line-height: normal;\">912<\/span><\/td>\n<td><\/td>\n<\/tr>\n<\/tbody>\n<\/table>\n<\/body>","protected":false},"excerpt":{"rendered":"<p>Especifica\u00e7\u00f5es do Diagrama de Configura\u00e7\u00e3o do Rolo Tinteiras \u00a0 \u00a0 \u00a0 \u00a0 \u00a0 \u00a0 \u00a0\u00a0 Ky \u00a0 Definir Quantidade \u00a0 \u00a0 Rolo Ele \u00a0 \u00a0 \u00a0 \u00a0 \u00a0\u00a0 Rosto Comprimento \u00a0 Total Comprimento Rolo de formul\u00e1rio A \u00a0 1 71 764 832 Rolo de formul\u00e1rio B\u00a0\u00a0\u00a0\u00a0\u00a0\u00a0\u00a0\u00a0 \u00a0 \u00a0 1 68 764 832 Rolo de formul\u00e1rio [&hellip;]<\/p>\n","protected":false},"featured_media":13496,"comment_status":"open","ping_status":"closed","template":"","meta":{"_monsterinsights_skip_tracking":false,"_monsterinsights_sitenote_active":false,"_monsterinsights_sitenote_note":"","_monsterinsights_sitenote_category":0},"product_cat":[96],"product_tag":[142,144,145,141,146,140,143,148,147],"class_list":{"0":"post-13849","1":"product","2":"type-product","3":"status-publish","4":"has-post-thumbnail","6":"product_cat-komori-rubber-rollers","7":"product_tag-komori-dampening-rollers","8":"product_tag-komori-distributor-rollers","9":"product_tag-komori-ductor-rollers","10":"product_tag-komori-ink-rollers","11":"product_tag-komori-lithrone-roller","12":"product_tag-komori-offset-printing-rollers","13":"product_tag-komori-rubber-rollers-manufacturing","14":"product_tag-komori-spica-rubber-rollers","15":"product_tag-komori-sprint-rubber-rollers","17":"first","18":"instock","19":"virtual","20":"product-type-simple"},"aioseo_notices":[],"_links":{"self":[{"href":"https:\/\/www.therubberrollers.com\/index.php\/wp-json\/wp\/v2\/product\/13849","targetHints":{"allow":["GET"]}}],"collection":[{"href":"https:\/\/www.therubberrollers.com\/index.php\/wp-json\/wp\/v2\/product"}],"about":[{"href":"https:\/\/www.therubberrollers.com\/index.php\/wp-json\/wp\/v2\/types\/product"}],"replies":[{"embeddable":true,"href":"https:\/\/www.therubberrollers.com\/index.php\/wp-json\/wp\/v2\/comments?post=13849"}],"wp:featuredmedia":[{"embeddable":true,"href":"https:\/\/www.therubberrollers.com\/index.php\/wp-json\/wp\/v2\/media\/13496"}],"wp:attachment":[{"href":"https:\/\/www.therubberrollers.com\/index.php\/wp-json\/wp\/v2\/media?parent=13849"}],"wp:term":[{"taxonomy":"product_cat","embeddable":true,"href":"https:\/\/www.therubberrollers.com\/index.php\/wp-json\/wp\/v2\/product_cat?post=13849"},{"taxonomy":"product_tag","embeddable":true,"href":"https:\/\/www.therubberrollers.com\/index.php\/wp-json\/wp\/v2\/product_tag?post=13849"}],"curies":[{"name":"wp","href":"https:\/\/api.w.org\/{rel}","templated":true}]}}