{"id":13856,"date":"2022-05-27T00:03:50","date_gmt":"2022-05-27T00:03:50","guid":{"rendered":"https:\/\/www.therubberrollers.com\/?post_type=product&#038;p=13856"},"modified":"2023-12-22T23:54:30","modified_gmt":"2023-12-22T23:54:30","slug":"rolos-de-borracha-heidelberg-cd-74","status":"publish","type":"product","link":"https:\/\/www.therubberrollers.com\/index.php\/product\/rolos-de-borracha-heidelberg-cd-74\/","title":{"rendered":"ROLOS DE BORRACHA Heidelberg CD 74 P"},"content":{"rendered":"<body><table class=\"mceItemTable\" border=\"0\" width=\"437\" cellpadding=\"0\">\n<tbody>\n<tr>\n<td><strong>Posi\u00e7\u00e3o do Tinteiro<\/strong><\/td>\n<td>\n<p align=\"center\"><strong>Cor<\/strong><\/p>\n<\/td>\n<td>\n<p align=\"center\"><strong>Defina Q.<\/strong><\/p>\n<\/td>\n<td>\n<p align=\"center\"><strong>EU IRIA<\/strong><\/p>\n<\/td>\n<td>\n<p align=\"center\"><strong>A PARTIR DE<\/strong><\/p>\n<\/td>\n<td>\n<p align=\"center\"><strong>FL<\/strong><\/p>\n<\/td>\n<td>\n<p align=\"center\"><strong>OAL<\/strong><\/p>\n<\/td>\n<\/tr>\n<tr>\n<td>Forma (Oscilante)<\/td>\n<td>\n<p align=\"center\">\u00a0Azul<\/p>\n<\/td>\n<td>\n<p align=\"center\">1<\/p>\n<\/td>\n<td>\n<p align=\"center\">40<\/p>\n<\/td>\n<td>\n<p align=\"center\">60<\/p>\n<\/td>\n<td>\n<p align=\"center\">752<\/p>\n<\/td>\n<td>\n<p align=\"center\">792<\/p>\n<\/td>\n<\/tr>\n<tr>\n<td>Forma (Oscilante)<\/td>\n<td>\n<p align=\"center\">\u00a0Vermelho<\/p>\n<\/td>\n<td>\n<p align=\"center\">1<\/p>\n<\/td>\n<td>\n<p align=\"center\">52<\/p>\n<\/td>\n<td>\n<p align=\"center\">72<\/p>\n<\/td>\n<td>\n<p align=\"center\">752<\/p>\n<\/td>\n<td>\n<p align=\"center\">792<\/p>\n<\/td>\n<\/tr>\n<tr>\n<td>Forma (Oscilante)<\/td>\n<td>\n<p align=\"center\">\u00a0Branco<\/p>\n<\/td>\n<td>\n<p align=\"center\">1<\/p>\n<\/td>\n<td>\n<p align=\"center\">52<\/p>\n<\/td>\n<td>\n<p align=\"center\">78<\/p>\n<\/td>\n<td>\n<p align=\"center\">752<\/p>\n<\/td>\n<td>\n<p align=\"center\">792<\/p>\n<\/td>\n<\/tr>\n<tr>\n<td>Forma (Oscilante)<\/td>\n<td>\n<p align=\"center\">Amarelo<\/p>\n<\/td>\n<td>\n<p align=\"center\">1<\/p>\n<\/td>\n<td>\n<p align=\"center\">40<\/p>\n<\/td>\n<td>\n<p align=\"center\">66<\/p>\n<\/td>\n<td>\n<p align=\"center\">752<\/p>\n<\/td>\n<td>\n<p align=\"center\">792<\/p>\n<\/td>\n<\/tr>\n<tr>\n<td>Selecionador de chup\u00f5es<\/td>\n<td>\n<p align=\"center\">Branco<\/p>\n<\/td>\n<td>\n<p align=\"center\">Op\u00e7\u00e3o<\/p>\n<\/td>\n<td>\n<p align=\"center\">52<\/p>\n<\/td>\n<td>\n<p align=\"center\">78<\/p>\n<\/td>\n<td>\n<p align=\"center\">752<\/p>\n<\/td>\n<td>\n<p align=\"center\">792<\/p>\n<\/td>\n<\/tr>\n<tr>\n<td>Guia<\/td>\n<td>\n<p align=\"center\">Roxo<\/p>\n<\/td>\n<td>\n<p align=\"center\">1<\/p>\n<\/td>\n<td>\n<p align=\"center\">43<\/p>\n<\/td>\n<td>\n<p align=\"center\">60<\/p>\n<\/td>\n<td>\n<p align=\"center\">750<\/p>\n<\/td>\n<td>\n<p align=\"center\">815<\/p>\n<\/td>\n<\/tr>\n<tr>\n<td>Distribuidor<\/td>\n<td>\n<p align=\"center\">Branco<\/p>\n<\/td>\n<td>\n<p align=\"center\">1<\/p>\n<\/td>\n<td>\n<p align=\"center\">52<\/p>\n<\/td>\n<td>\n<p align=\"center\">80<\/p>\n<\/td>\n<td>\n<p align=\"center\">\u00a0750<\/p>\n<\/td>\n<td>\n<p align=\"center\">821<\/p>\n<\/td>\n<\/tr>\n<tr>\n<td>Distribuidor (eixo)<\/td>\n<td>\n<p align=\"center\">Vermelho<\/p>\n<\/td>\n<td>\n<p align=\"center\">1<\/p>\n<\/td>\n<td>\n<p align=\"center\">43<\/p>\n<\/td>\n<td>\n<p align=\"center\">66<\/p>\n<\/td>\n<td>\n<p align=\"center\">\u00a0750<\/p>\n<\/td>\n<td>\n<p align=\"center\">752<\/p>\n<\/td>\n<\/tr>\n<tr>\n<td>Distribuidor<\/td>\n<td>\n<p align=\"center\">Vermelho<\/p>\n<\/td>\n<td>\n<p align=\"center\">1<\/p>\n<\/td>\n<td>\n<p align=\"center\">43<\/p>\n<\/td>\n<td>\n<p align=\"center\">66<\/p>\n<\/td>\n<td>\n<p align=\"center\">750<\/p>\n<\/td>\n<td>\n<p align=\"center\">815<\/p>\n<\/td>\n<\/tr>\n<tr>\n<td colspan=\"7\"><strong>Sistema de amortecimento<\/strong><\/td>\n<\/tr>\n<tr>\n<td colspan=\"2\">Forma de \u00c1gua Alcolor<\/td>\n<td>\n<p align=\"center\">1<\/p>\n<\/td>\n<td>\n<p align=\"center\">44<\/p>\n<\/td>\n<td>\n<p align=\"center\">70<\/p>\n<\/td>\n<td>\n<p align=\"center\">752<\/p>\n<\/td>\n<td>\n<p align=\"center\">782<\/p>\n<\/td>\n<\/tr>\n<tr>\n<td colspan=\"2\">Panela Alcolor\n<p>Rolo Completo<\/p><\/td>\n<td>\n<p align=\"center\">1<\/p>\n<\/td>\n<td>\n<p align=\"center\">60<\/p>\n<\/td>\n<td>\n<p align=\"center\">76<\/p>\n<\/td>\n<td>\n<p align=\"center\">795<\/p>\n<\/td>\n<td>\n<p align=\"center\">828<\/p>\n<\/td>\n<\/tr>\n<\/tbody>\n<\/table>\n<p>\u00a0<\/p>\n<\/body>","protected":false},"excerpt":{"rendered":"<p><strong>A Heidelberg<\/strong>\u00a0\u00a0foi fundada h\u00e1 mais de 150 anos como fundi\u00e7\u00e3o de sinos e oficina mec\u00e2nica.\u00a0A empresa \u00e9 agora o maior fornecedor da ind\u00fastria de impress\u00e3o e publica\u00e7\u00e3o com quase um quarto de milh\u00e3o de funcion\u00e1rios respons\u00e1veis \u200b\u200bpor 400.000 impressoras Heidelberg em 170 pa\u00edses diferentes\u00a0.<\/p>\n","protected":false},"featured_media":13345,"comment_status":"open","ping_status":"closed","template":"","meta":{"_monsterinsights_skip_tracking":false,"_monsterinsights_sitenote_active":false,"_monsterinsights_sitenote_note":"","_monsterinsights_sitenote_category":0},"product_cat":[91],"product_tag":[176,177,178,180,183,179,181,182],"class_list":{"0":"post-13856","1":"product","2":"type-product","3":"status-publish","4":"has-post-thumbnail","6":"product_cat-heidelberg-rubber-rollers","7":"product_tag-heidelberg-mo-rubbers-rollers","8":"product_tag-mo-alcolor-dampening-rollers","9":"product_tag-mo-conventional-rubber-rollers","10":"product_tag-mo-dampening-rollers","11":"product_tag-mo-ink-riders","12":"product_tag-mo-ink-rollers","13":"product_tag-mo-pan-roller","14":"product_tag-mo-z-roller","16":"first","17":"instock","18":"virtual","19":"product-type-simple"},"aioseo_notices":[],"_links":{"self":[{"href":"https:\/\/www.therubberrollers.com\/index.php\/wp-json\/wp\/v2\/product\/13856","targetHints":{"allow":["GET"]}}],"collection":[{"href":"https:\/\/www.therubberrollers.com\/index.php\/wp-json\/wp\/v2\/product"}],"about":[{"href":"https:\/\/www.therubberrollers.com\/index.php\/wp-json\/wp\/v2\/types\/product"}],"replies":[{"embeddable":true,"href":"https:\/\/www.therubberrollers.com\/index.php\/wp-json\/wp\/v2\/comments?post=13856"}],"wp:featuredmedia":[{"embeddable":true,"href":"https:\/\/www.therubberrollers.com\/index.php\/wp-json\/wp\/v2\/media\/13345"}],"wp:attachment":[{"href":"https:\/\/www.therubberrollers.com\/index.php\/wp-json\/wp\/v2\/media?parent=13856"}],"wp:term":[{"taxonomy":"product_cat","embeddable":true,"href":"https:\/\/www.therubberrollers.com\/index.php\/wp-json\/wp\/v2\/product_cat?post=13856"},{"taxonomy":"product_tag","embeddable":true,"href":"https:\/\/www.therubberrollers.com\/index.php\/wp-json\/wp\/v2\/product_tag?post=13856"}],"curies":[{"name":"wp","href":"https:\/\/api.w.org\/{rel}","templated":true}]}}