{"id":13861,"date":"2022-05-27T00:12:44","date_gmt":"2022-05-27T00:12:44","guid":{"rendered":"https:\/\/www.therubberrollers.com\/?post_type=product&#038;p=13861"},"modified":"2023-12-22T23:52:51","modified_gmt":"2023-12-22T23:52:51","slug":"rodillos-de-goma-gto-52","status":"publish","type":"product","link":"https:\/\/www.therubberrollers.com\/index.php\/product\/rodillos-de-goma-gto-52\/","title":{"rendered":"RODILLOS DE GOMA GTO 52 S"},"content":{"rendered":"<body><table class=\"mceItemTable\" border=\"0\" width=\"342\" cellpadding=\"0\">\n<tbody>\n<tr>\n<td><strong>Posici\u00f3n del entintador<\/strong><\/td>\n<td>\n<p align=\"center\"><strong>Color<\/strong><\/p>\n<\/td>\n<td>\n<p align=\"center\"><strong>establecer q<\/strong><\/p>\n<\/td>\n<td>\n<p align=\"center\"><strong>IDENTIFICACI\u00d3N<\/strong><\/p>\n<\/td>\n<td>\n<p align=\"center\"><strong>DESDE<\/strong><\/p>\n<\/td>\n<td>\n<p align=\"center\"><strong>Florida<\/strong><\/p>\n<\/td>\n<td>\n<p align=\"center\"><strong>OAL<\/strong><\/p>\n<\/td>\n<\/tr>\n<tr>\n<td>Formulario\/Distribuidor\/Ductor<\/td>\n<td>\n<p align=\"center\">\u00a0Azul<\/p>\n<\/td>\n<td>\n<p align=\"center\">6<\/p>\n<\/td>\n<td>\n<p align=\"center\">26<\/p>\n<\/td>\n<td>\n<p align=\"center\">45<\/p>\n<\/td>\n<td>\n<p align=\"center\">513<\/p>\n<\/td>\n<td>\n<p align=\"center\">596<\/p>\n<\/td>\n<\/tr>\n<tr>\n<td>Forma<\/td>\n<td>\n<p align=\"center\">\u00a0Rojo<\/p>\n<\/td>\n<td>\n<p align=\"center\">1<\/p>\n<\/td>\n<td>\n<p align=\"center\">26<\/p>\n<\/td>\n<td>\n<p align=\"center\">51<\/p>\n<\/td>\n<td>\n<p align=\"center\">513<\/p>\n<\/td>\n<td>\n<p align=\"center\">596<\/p>\n<\/td>\n<\/tr>\n<tr>\n<td>Forma<\/td>\n<td>\n<p align=\"center\">\u00a0Blanco<\/p>\n<\/td>\n<td>\n<p align=\"center\">1<\/p>\n<\/td>\n<td>\n<p align=\"center\">26<\/p>\n<\/td>\n<td>\n<p align=\"center\">47<\/p>\n<\/td>\n<td>\n<p align=\"center\">513<\/p>\n<\/td>\n<td>\n<p align=\"center\">596<\/p>\n<\/td>\n<\/tr>\n<tr>\n<td>Forma<\/td>\n<td>\n<p align=\"center\">Gritar<\/p>\n<\/td>\n<td>\n<p align=\"center\">1<\/p>\n<\/td>\n<td>\n<p align=\"center\">26<\/p>\n<\/td>\n<td>\n<p align=\"center\">49<\/p>\n<\/td>\n<td>\n<p align=\"center\">513<\/p>\n<\/td>\n<td>\n<p align=\"center\">596<\/p>\n<\/td>\n<\/tr>\n<tr>\n<td>Recolector de chupetones<\/td>\n<td>\n<p align=\"center\">\u00a0Gritar<\/p>\n<\/td>\n<td>\n<p align=\"center\">op,<\/p>\n<\/td>\n<td>\n<p align=\"center\">\n<\/p><\/td>\n<td>\n<p align=\"center\">\n<\/p><\/td>\n<td>\n<p align=\"center\">\n<\/p><\/td>\n<td>\n<p align=\"center\">\n<\/p><\/td>\n<\/tr>\n<tr>\n<td colspan=\"7\"><strong>Sistema de amortiguaci\u00f3n<\/strong><\/td>\n<\/tr>\n<tr>\n<td colspan=\"2\">Forma de agua de Alcolor<\/td>\n<td>\n<p align=\"center\">1<\/p>\n<\/td>\n<td>\n<p align=\"center\">48<\/p>\n<\/td>\n<td>\n<p align=\"center\">68<\/p>\n<\/td>\n<td>\n<p align=\"center\">518<\/p>\n<\/td>\n<td>\n<p align=\"center\">544<\/p>\n<\/td>\n<\/tr>\n<tr>\n<td colspan=\"2\">Rodillo Pan Alcolor\n<p>incluye accesorios,<\/p><\/td>\n<td>\n<p align=\"center\">1<\/p>\n<\/td>\n<td>\n<p align=\"center\">48<\/p>\n<\/td>\n<td>\n<p align=\"center\">71<\/p>\n<\/td>\n<td>\n<p align=\"center\">529<\/p>\n<\/td>\n<td>\n<p align=\"center\">568<\/p>\n<\/td>\n<\/tr>\n<\/tbody>\n<\/table>\n<p>\u00a0<\/p>\n<\/body>","protected":false},"excerpt":{"rendered":"<p>Heidelberg se estableci\u00f3 hace m\u00e1s de 150 a\u00f1os como taller mec\u00e1nico y de fundici\u00f3n de campanas. La compa\u00f1\u00eda es ahora el mayor proveedor de la industria editorial y de impresi\u00f3n con casi un cuarto de mill\u00f3n de empleados responsables de 400.000 prensas Heidelberg en 170 pa\u00edses diferentes .<\/p>\n","protected":false},"featured_media":13692,"comment_status":"open","ping_status":"closed","template":"","meta":{"_monsterinsights_skip_tracking":false,"_monsterinsights_sitenote_active":false,"_monsterinsights_sitenote_note":"","_monsterinsights_sitenote_category":0},"product_cat":[91],"product_tag":[176,177,178,180,183,179,181,182],"class_list":{"0":"post-13861","1":"product","2":"type-product","3":"status-publish","4":"has-post-thumbnail","6":"product_cat-heidelberg-rubber-rollers","7":"product_tag-heidelberg-mo-rubbers-rollers","8":"product_tag-mo-alcolor-dampening-rollers","9":"product_tag-mo-conventional-rubber-rollers","10":"product_tag-mo-dampening-rollers","11":"product_tag-mo-ink-riders","12":"product_tag-mo-ink-rollers","13":"product_tag-mo-pan-roller","14":"product_tag-mo-z-roller","16":"first","17":"instock","18":"virtual","19":"product-type-simple"},"aioseo_notices":[],"_links":{"self":[{"href":"https:\/\/www.therubberrollers.com\/index.php\/wp-json\/wp\/v2\/product\/13861","targetHints":{"allow":["GET"]}}],"collection":[{"href":"https:\/\/www.therubberrollers.com\/index.php\/wp-json\/wp\/v2\/product"}],"about":[{"href":"https:\/\/www.therubberrollers.com\/index.php\/wp-json\/wp\/v2\/types\/product"}],"replies":[{"embeddable":true,"href":"https:\/\/www.therubberrollers.com\/index.php\/wp-json\/wp\/v2\/comments?post=13861"}],"wp:featuredmedia":[{"embeddable":true,"href":"https:\/\/www.therubberrollers.com\/index.php\/wp-json\/wp\/v2\/media\/13692"}],"wp:attachment":[{"href":"https:\/\/www.therubberrollers.com\/index.php\/wp-json\/wp\/v2\/media?parent=13861"}],"wp:term":[{"taxonomy":"product_cat","embeddable":true,"href":"https:\/\/www.therubberrollers.com\/index.php\/wp-json\/wp\/v2\/product_cat?post=13861"},{"taxonomy":"product_tag","embeddable":true,"href":"https:\/\/www.therubberrollers.com\/index.php\/wp-json\/wp\/v2\/product_tag?post=13861"}],"curies":[{"name":"wp","href":"https:\/\/api.w.org\/{rel}","templated":true}]}}