{"id":13873,"date":"2022-05-27T00:51:02","date_gmt":"2022-05-27T00:51:02","guid":{"rendered":"https:\/\/www.therubberrollers.com\/?post_type=product&#038;p=13873"},"modified":"2023-12-22T23:46:40","modified_gmt":"2023-12-22T23:46:40","slug":"rouleaux-en-caoutchouc-kord-62","status":"publish","type":"product","link":"https:\/\/www.therubberrollers.com\/index.php\/product\/rouleaux-en-caoutchouc-kord-62\/","title":{"rendered":"Rouleaux en caoutchouc KORD 62 F"},"content":{"rendered":"<body><table class=\"mceItemTable\" border=\"0\" width=\"473\" cellpadding=\"0\">\n<tbody>\n<tr>\n<td><strong>Position de l\u2019encreur<\/strong><\/td>\n<td>\n<p align=\"center\"><strong>Couleur<\/strong><\/p>\n<\/td>\n<td>\n<p align=\"center\"><strong>R\u00e9glez Q.<\/strong><\/p>\n<\/td>\n<td>\n<p align=\"center\"><strong>IDENTIFIANT<\/strong><\/p>\n<\/td>\n<td>\n<p align=\"center\"><strong>DE<\/strong><\/p>\n<\/td>\n<td>\n<p align=\"center\"><strong>Floride<\/strong><\/p>\n<\/td>\n<td>\n<p align=\"center\"><strong>OAL<\/strong><\/p>\n<\/td>\n<\/tr>\n<tr>\n<td>Formulaire\/Distr\/Conducteur<\/td>\n<td>\n<p align=\"center\">\u00a0Bleu<\/p>\n<\/td>\n<td>\n<p align=\"center\">2<\/p>\n<\/td>\n<td>\n<p align=\"center\">32<\/p>\n<\/td>\n<td>\n<p align=\"center\">57<\/p>\n<\/td>\n<td>\n<p align=\"center\">625<\/p>\n<\/td>\n<td>\n<p align=\"center\">670<\/p>\n<\/td>\n<\/tr>\n<tr>\n<td>Formulaire\/Distributeur<\/td>\n<td>\n<p align=\"center\">\u00a0Rouge<\/p>\n<\/td>\n<td>\n<p align=\"center\">3<\/p>\n<\/td>\n<td>\n<p align=\"center\">32<\/p>\n<\/td>\n<td>\n<p align=\"center\">51<\/p>\n<\/td>\n<td>\n<p align=\"center\">625<\/p>\n<\/td>\n<td>\n<p align=\"center\">670<\/p>\n<\/td>\n<\/tr>\n<tr>\n<td>Formulaire\/Distributeur<\/td>\n<td>\n<p align=\"center\">\u00a0Blanc<\/p>\n<\/td>\n<td>\n<p align=\"center\">2<\/p>\n<\/td>\n<td>\n<p align=\"center\">32<\/p>\n<\/td>\n<td>\n<p align=\"center\">53<\/p>\n<\/td>\n<td>\n<p align=\"center\">625<\/p>\n<\/td>\n<td>\n<p align=\"center\">670<\/p>\n<\/td>\n<\/tr>\n<tr>\n<td>Formulaire\/Distributeur<\/td>\n<td>\n<p align=\"center\">Marron<\/p>\n<\/td>\n<td>\n<p align=\"center\">2<\/p>\n<\/td>\n<td>\n<p align=\"center\">32<\/p>\n<\/td>\n<td>\n<p align=\"center\">55<\/p>\n<\/td>\n<td>\n<p align=\"center\">625<\/p>\n<\/td>\n<td>\n<p align=\"center\">670<\/p>\n<\/td>\n<\/tr>\n<tr>\n<td>Cueilleur de su\u00e7on<\/td>\n<td>\n<p align=\"center\">\u00a0Bleu<\/p>\n<\/td>\n<td>\n<p align=\"center\">Op\u00e9ration<\/p>\n<\/td>\n<td>\n<p align=\"center\">\n<\/p><\/td>\n<td>\n<p align=\"center\">\n<\/p><\/td>\n<td>\n<p align=\"center\">\n<\/p><\/td>\n<td>\n<p align=\"center\">\n<\/p><\/td>\n<\/tr>\n<tr>\n<td colspan=\"7\"><strong>Syst\u00e8me d\u2019amortissement<\/strong><\/td>\n<\/tr>\n<tr>\n<td>Bareback Water F.<\/td>\n<td>\n<p align=\"center\">\u00a0Vert<\/p>\n<\/td>\n<td>\n<p align=\"center\">1\/2<\/p>\n<\/td>\n<td>\n<p align=\"center\">32<\/p>\n<\/td>\n<td>\n<p align=\"center\">48<\/p>\n<\/td>\n<td>\n<p align=\"center\">635<\/p>\n<\/td>\n<td>\n<p align=\"center\">677<\/p>\n<\/td>\n<\/tr>\n<tr>\n<td>Eau \u00e0 manches F.<\/td>\n<td>\n<p align=\"center\">\u00a0Vert<\/p>\n<\/td>\n<td>\n<p align=\"center\">1\/2<\/p>\n<\/td>\n<td>\n<p align=\"center\">32<\/p>\n<\/td>\n<td>\n<p align=\"center\">\u00a048<\/p>\n<\/td>\n<td>\n<p align=\"center\">635<\/p>\n<\/td>\n<td>\n<p align=\"center\">677<\/p>\n<\/td>\n<\/tr>\n<tr>\n<td>Water Ductor<br>\n(chaussette molleton)<\/td>\n<td>\n<p align=\"center\">\u00a0Vert<\/p>\n<\/td>\n<td>\n<p align=\"center\">1\/2<\/p>\n<\/td>\n<td>\n<p align=\"center\">32<\/p>\n<\/td>\n<td>\n<p align=\"center\">48<\/p>\n<\/td>\n<td>\n<p align=\"center\">635<\/p>\n<\/td>\n<td>\n<p align=\"center\">677<\/p>\n<\/td>\n<\/tr>\n<\/tbody>\n<\/table>\n<\/body>","protected":false},"excerpt":{"rendered":"<p>Achetez des rouleaux en caoutchouc Kord 62\u00a0<strong>@ 28 $<\/strong>\u00a0par pi\u00e8ce.<\/p>\n<p><strong><span class=\"\">Heidelberg<\/span><\/strong><span class=\"\">\u00a0\u00a0a \u00e9t\u00e9 fond\u00e9e il y a plus de 150 ans en tant que fonderie de cloches et atelier d&#8217;usinage.\u00a0<\/span>La soci\u00e9t\u00e9 est aujourd&#8217;hui le plus grand fournisseur de l&#8217;industrie de l&#8217;impression et de l&#8217;\u00e9dition avec pr\u00e8s d&#8217;un quart de million d&#8217;employ\u00e9s responsables de 400 000 presses Heidelberg dans 170 pays diff\u00e9rents\u00a0.<\/p>\n","protected":false},"featured_media":13698,"comment_status":"open","ping_status":"closed","template":"","meta":{"_monsterinsights_skip_tracking":false,"_monsterinsights_sitenote_active":false,"_monsterinsights_sitenote_note":"","_monsterinsights_sitenote_category":0},"product_cat":[91],"product_tag":[201,204,199,203,206,200,205,202],"class_list":{"0":"post-13873","1":"product","2":"type-product","3":"status-publish","4":"has-post-thumbnail","6":"product_cat-heidelberg-rubber-rollers","7":"product_tag-201","8":"product_tag-heidelberg-heidelberg-offset-printing-machine-rubber-rollers","9":"product_tag-heidelberg-kord","10":"product_tag-heidelberg-kord-ink-rollers","11":"product_tag-heidelberg-kord-roller-manufacturers","12":"product_tag-kor-62","13":"product_tag-kord-rollers-exporters","14":"product_tag-kors-rubber-rollers","16":"first","17":"instock","18":"virtual","19":"product-type-simple"},"aioseo_notices":[],"_links":{"self":[{"href":"https:\/\/www.therubberrollers.com\/index.php\/wp-json\/wp\/v2\/product\/13873","targetHints":{"allow":["GET"]}}],"collection":[{"href":"https:\/\/www.therubberrollers.com\/index.php\/wp-json\/wp\/v2\/product"}],"about":[{"href":"https:\/\/www.therubberrollers.com\/index.php\/wp-json\/wp\/v2\/types\/product"}],"replies":[{"embeddable":true,"href":"https:\/\/www.therubberrollers.com\/index.php\/wp-json\/wp\/v2\/comments?post=13873"}],"wp:featuredmedia":[{"embeddable":true,"href":"https:\/\/www.therubberrollers.com\/index.php\/wp-json\/wp\/v2\/media\/13698"}],"wp:attachment":[{"href":"https:\/\/www.therubberrollers.com\/index.php\/wp-json\/wp\/v2\/media?parent=13873"}],"wp:term":[{"taxonomy":"product_cat","embeddable":true,"href":"https:\/\/www.therubberrollers.com\/index.php\/wp-json\/wp\/v2\/product_cat?post=13873"},{"taxonomy":"product_tag","embeddable":true,"href":"https:\/\/www.therubberrollers.com\/index.php\/wp-json\/wp\/v2\/product_tag?post=13873"}],"curies":[{"name":"wp","href":"https:\/\/api.w.org\/{rel}","templated":true}]}}