{"id":13878,"date":"2022-05-27T01:07:49","date_gmt":"2022-05-27T01:07:49","guid":{"rendered":"https:\/\/www.therubberrollers.com\/?post_type=product&#038;p=13878"},"modified":"2023-12-22T23:35:39","modified_gmt":"2023-12-22T23:35:39","slug":"rodillos-de-goma-kors","status":"publish","type":"product","link":"https:\/\/www.therubberrollers.com\/index.php\/product\/rodillos-de-goma-kors\/","title":{"rendered":"Rodillos de goma KORS S"},"content":{"rendered":"<body><table class=\"mceItemTable\" border=\"0\" width=\"419\" cellpadding=\"0\">\n<tbody>\n<tr>\n<td><strong>Posici\u00f3n del entintador<\/strong><\/td>\n<td>\n<p align=\"center\"><strong>Color<\/strong><\/p>\n<\/td>\n<td>\n<p align=\"center\"><strong>Establecer<\/strong><\/p>\n<\/td>\n<td>\n<p align=\"center\"><strong>IDENTIFICACI\u00d3N<\/strong><\/p>\n<\/td>\n<td>\n<p align=\"center\"><strong>DESDE<\/strong><\/p>\n<\/td>\n<td>\n<p align=\"center\"><strong>Florida<\/strong><\/p>\n<\/td>\n<td>\n<p align=\"center\"><strong>OAL<\/strong><\/p>\n<\/td>\n<\/tr>\n<tr>\n<td>Formulario\/Distri<\/td>\n<td>\n<p align=\"center\">\u00a0Azul<\/p>\n<\/td>\n<td>\n<p align=\"center\">2<\/p>\n<\/td>\n<td>\n<p align=\"center\">32<\/p>\n<\/td>\n<td>\n<p align=\"center\">57<\/p>\n<\/td>\n<td>\n<p align=\"center\">715<\/p>\n<\/td>\n<td>\n<p align=\"center\">780<\/p>\n<\/td>\n<\/tr>\n<tr>\n<td>Formulario\/Distribuci\u00f3n\n<p>\/Duc<\/p><\/td>\n<td>\n<p align=\"center\">\u00a0Rojo<\/p>\n<\/td>\n<td>\n<p align=\"center\">3<\/p>\n<\/td>\n<td>\n<p align=\"center\">32<\/p>\n<\/td>\n<td>\n<p align=\"center\">51<\/p>\n<\/td>\n<td>\n<p align=\"center\">715<\/p>\n<\/td>\n<td>\n<p align=\"center\">780<\/p>\n<\/td>\n<\/tr>\n<tr>\n<td>Formulario\/Distri<\/td>\n<td>\n<p align=\"center\">\u00a0Blanco<\/p>\n<\/td>\n<td>\n<p align=\"center\">2<\/p>\n<\/td>\n<td>\n<p align=\"center\">32<\/p>\n<\/td>\n<td>\n<p align=\"center\">53<\/p>\n<\/td>\n<td>\n<p align=\"center\">715<\/p>\n<\/td>\n<td>\n<p align=\"center\">780<\/p>\n<\/td>\n<\/tr>\n<tr>\n<td>Formulario\/Distri<\/td>\n<td>\n<p align=\"center\">Marr\u00f3n<\/p>\n<\/td>\n<td>\n<p align=\"center\">2<\/p>\n<\/td>\n<td>\n<p align=\"center\">32<\/p>\n<\/td>\n<td>\n<p align=\"center\">55<\/p>\n<\/td>\n<td>\n<p align=\"center\">715<\/p>\n<\/td>\n<td>\n<p align=\"center\">780<\/p>\n<\/td>\n<\/tr>\n<tr>\n<td>Recolector de chupetones<\/td>\n<td>\n<p align=\"center\">Azul<\/p>\n<\/td>\n<td>\n<p align=\"center\">Optar<\/p>\n<\/td>\n<td>\n<p align=\"center\">\n<\/p><\/td>\n<td>\n<p align=\"center\">\n<\/p><\/td>\n<td>\n<p align=\"center\">\n<\/p><\/td>\n<td>\n<p align=\"center\">\n<\/p><\/td>\n<\/tr>\n<tr>\n<td colspan=\"7\"><strong>Sistema Dampeni<\/strong><\/td>\n<\/tr>\n<tr>\n<td>a pelo wa f<\/td>\n<td>Verde<\/td>\n<td>\n<p align=\"center\">1\/2<\/p>\n<\/td>\n<td>\n<p align=\"center\">32<\/p>\n<\/td>\n<td>\n<p align=\"center\">48<\/p>\n<\/td>\n<td>\n<p align=\"center\">720<\/p>\n<\/td>\n<td>\n<p align=\"center\">787<\/p>\n<\/td>\n<\/tr>\n<tr>\n<td>Wa F con mangas\n<p>#B-28)<\/p><\/td>\n<td>Verde<\/td>\n<td>\n<p align=\"center\">1\/2<\/p>\n<\/td>\n<td>\n<p align=\"center\">32<\/p>\n<\/td>\n<td>\n<p align=\"center\">48<\/p>\n<\/td>\n<td>\n<p align=\"center\">720<\/p>\n<\/td>\n<td>\n<p align=\"center\">787<\/p>\n<\/td>\n<\/tr>\n<tr>\n<td>Conductora de agua<\/td>\n<td>Verde<\/td>\n<td>\n<p align=\"center\">1<\/p>\n<\/td>\n<td>\n<p align=\"center\">32<\/p>\n<\/td>\n<td>\n<p align=\"center\">48<\/p>\n<\/td>\n<td>\n<p align=\"center\">720<\/p>\n<\/td>\n<td>\n<p align=\"center\">787<\/p>\n<\/td>\n<\/tr>\n<\/tbody>\n<\/table>\n<p>\u00a0<\/p>\n<\/body>","protected":false},"excerpt":{"rendered":"<p>Compre los rodillos de goma Kors\u00a0<strong>a 32 $<\/strong>\u00a0por pieza.<\/p>\n<p><strong>Heidelberg<\/strong>\u00a0\u00a0se fund\u00f3 hace m\u00e1s de 150 a\u00f1os como taller mec\u00e1nico y de fundici\u00f3n de campanas.\u00a0La compa\u00f1\u00eda es ahora el mayor proveedor de la industria editorial y de impresi\u00f3n con casi un cuarto de mill\u00f3n de empleados responsables de 400.000 prensas Heidelberg en 170 pa\u00edses diferentes\u00a0.<\/p>\n","protected":false},"featured_media":13701,"comment_status":"open","ping_status":"closed","template":"","meta":{"_monsterinsights_skip_tracking":false,"_monsterinsights_sitenote_active":false,"_monsterinsights_sitenote_note":"","_monsterinsights_sitenote_category":0},"product_cat":[91],"product_tag":[176,177,178,180,183,179,181,182],"class_list":{"0":"post-13878","1":"product","2":"type-product","3":"status-publish","4":"has-post-thumbnail","6":"product_cat-heidelberg-rubber-rollers","7":"product_tag-heidelberg-mo-rubbers-rollers","8":"product_tag-mo-alcolor-dampening-rollers","9":"product_tag-mo-conventional-rubber-rollers","10":"product_tag-mo-dampening-rollers","11":"product_tag-mo-ink-riders","12":"product_tag-mo-ink-rollers","13":"product_tag-mo-pan-roller","14":"product_tag-mo-z-roller","16":"first","17":"instock","18":"virtual","19":"product-type-simple"},"aioseo_notices":[],"_links":{"self":[{"href":"https:\/\/www.therubberrollers.com\/index.php\/wp-json\/wp\/v2\/product\/13878","targetHints":{"allow":["GET"]}}],"collection":[{"href":"https:\/\/www.therubberrollers.com\/index.php\/wp-json\/wp\/v2\/product"}],"about":[{"href":"https:\/\/www.therubberrollers.com\/index.php\/wp-json\/wp\/v2\/types\/product"}],"replies":[{"embeddable":true,"href":"https:\/\/www.therubberrollers.com\/index.php\/wp-json\/wp\/v2\/comments?post=13878"}],"wp:featuredmedia":[{"embeddable":true,"href":"https:\/\/www.therubberrollers.com\/index.php\/wp-json\/wp\/v2\/media\/13701"}],"wp:attachment":[{"href":"https:\/\/www.therubberrollers.com\/index.php\/wp-json\/wp\/v2\/media?parent=13878"}],"wp:term":[{"taxonomy":"product_cat","embeddable":true,"href":"https:\/\/www.therubberrollers.com\/index.php\/wp-json\/wp\/v2\/product_cat?post=13878"},{"taxonomy":"product_tag","embeddable":true,"href":"https:\/\/www.therubberrollers.com\/index.php\/wp-json\/wp\/v2\/product_tag?post=13878"}],"curies":[{"name":"wp","href":"https:\/\/api.w.org\/{rel}","templated":true}]}}