{"id":13888,"date":"2022-05-27T05:05:08","date_gmt":"2022-05-27T05:05:08","guid":{"rendered":"https:\/\/www.therubberrollers.com\/?post_type=product&#038;p=13888"},"modified":"2023-12-22T08:02:42","modified_gmt":"2023-12-22T08:02:42","slug":"sm-102-sors-sorsz-predrupa-3","status":"publish","type":"product","link":"https:\/\/www.therubberrollers.com\/index.php\/product\/sm-102-sors-sorsz-predrupa-3\/","title":{"rendered":"SM 102 SORS |SORSZ (Pr\u00e9Drupa) F"},"content":{"rendered":"<body><table class=\"mceItemTable\" border=\"0\" width=\"465\" cellpadding=\"0\">\n<tbody>\n<tr>\n<td><strong>Position de l\u2019encreur<\/strong><\/td>\n<td>\n<p align=\"center\"><strong>Couleur<\/strong><\/p>\n<\/td>\n<td>\n<p align=\"center\"><strong>R\u00e9glez Q.<\/strong><\/p>\n<\/td>\n<td>\n<p align=\"center\"><strong>IDENTIFIANT\u00a0\u00a0\u00a0<\/strong><\/p>\n<\/td>\n<td>\n<p align=\"center\"><strong>DEPUIS<br>\n<\/strong><\/p>\n<\/td>\n<td>\n<p align=\"center\"><strong>Floride<br>\n<\/strong><\/p>\n<\/td>\n<td>\n<p align=\"center\"><strong>OAL<\/strong><\/p>\n<\/td>\n<\/tr>\n<tr>\n<td>Formulaire\/Distributeur<\/td>\n<td>\n<p align=\"center\">\u00a0Bleu<\/p>\n<\/td>\n<td>\n<p align=\"center\">2<\/p>\n<\/td>\n<td>\n<p align=\"center\">41<\/p>\n<\/td>\n<td>\n<p align=\"center\">57<\/p>\n<\/td>\n<td>\n<p align=\"center\">1026<\/p>\n<\/td>\n<td>\n<p align=\"center\">1087<\/p>\n<\/td>\n<\/tr>\n<tr>\n<td>Formulaire\/Distributeur<\/td>\n<td>\n<p align=\"center\">\u00a0Rouge<\/p>\n<\/td>\n<td>\n<p align=\"center\">2<\/p>\n<\/td>\n<td>\n<p align=\"center\">41<\/p>\n<\/td>\n<td>\n<p align=\"center\">60<\/p>\n<\/td>\n<td>\n<p align=\"center\">1026<\/p>\n<\/td>\n<td>\n<p align=\"center\">1087<\/p>\n<\/td>\n<\/tr>\n<tr>\n<td>Formulaire\/Distributeur<\/td>\n<td>\n<p align=\"center\">\u00a0Blanc<\/p>\n<\/td>\n<td>\n<p align=\"center\">3<\/p>\n<\/td>\n<td>\n<p align=\"center\">41<\/p>\n<\/td>\n<td>\n<p align=\"center\">63<\/p>\n<\/td>\n<td>\n<p align=\"center\">1026<\/p>\n<\/td>\n<td>\n<p align=\"center\">1087<\/p>\n<\/td>\n<\/tr>\n<tr>\n<td>Formulaire\/Distributeur<\/td>\n<td>\n<p align=\"center\">Jaune<\/p>\n<\/td>\n<td>\n<p align=\"center\">2<\/p>\n<\/td>\n<td>\n<p align=\"center\">41<\/p>\n<\/td>\n<td>\n<p align=\"center\">65<\/p>\n<\/td>\n<td>\n<p align=\"center\">1026<\/p>\n<\/td>\n<td>\n<p align=\"center\">1087<\/p>\n<\/td>\n<\/tr>\n<tr>\n<td><\/td>\n<td><\/td>\n<td><\/td>\n<td><\/td>\n<td><\/td>\n<td><\/td>\n<td><\/td>\n<\/tr>\n<tr>\n<td>Guide<\/td>\n<td>\n<p align=\"center\">Le noir<\/p>\n<\/td>\n<td>\n<p align=\"center\">1<\/p>\n<\/td>\n<td>\n<p align=\"center\">4<\/p>\n<\/td>\n<td>\n<p align=\"center\">\u00a057<\/p>\n<\/td>\n<td>\n<p align=\"center\">1026<\/p>\n<\/td>\n<td>\n<p align=\"center\">1087<\/p>\n<\/td>\n<\/tr>\n<tr>\n<td colspan=\"7\"><strong>Syst\u00e8me d\u2019amortissement<\/strong><\/td>\n<\/tr>\n<tr>\n<td>Forme d\u2019eau \u00e0 cru<\/td>\n<td>Vert<\/td>\n<td>\n<p align=\"center\">1\/2<\/p>\n<\/td>\n<td>\n<p align=\"center\">41<\/p>\n<\/td>\n<td>\n<p align=\"center\">63<\/p>\n<\/td>\n<td>\n<p align=\"center\">1045<\/p>\n<\/td>\n<td>\n<p align=\"center\">1087<\/p>\n<\/td>\n<\/tr>\n<tr>\n<td>Forme d\u2019eau \u00e0 manches<\/td>\n<td>Vert<\/td>\n<td>\n<p align=\"center\">1\/2<\/p>\n<\/td>\n<td>\n<p align=\"center\">41<\/p>\n<\/td>\n<td>\n<p align=\"center\">63<\/p>\n<\/td>\n<td>\n<p align=\"center\">1045<\/p>\n<\/td>\n<td>\n<p align=\"center\">1087<\/p>\n<\/td>\n<\/tr>\n<tr>\n<td>Eau Du.\u00a0(chaussette moll) O \/ S<\/td>\n<td>Vert<\/td>\n<td>\n<p align=\"center\">1<\/p>\n<\/td>\n<td>\n<p align=\"center\">41<\/p>\n<\/td>\n<td>\n<p align=\"center\">63<\/p>\n<\/td>\n<td>\n<p align=\"center\">1045<\/p>\n<\/td>\n<td>\n<p align=\"center\">1087<\/p>\n<\/td>\n<\/tr>\n<tr>\n<td>Eau Du.\u00a0(chaussette molle) N \/ S<\/td>\n<td>Vert<\/td>\n<td>\n<p align=\"center\">1<\/p>\n<\/td>\n<td>\n<p align=\"center\">41<\/p>\n<\/td>\n<td>\n<p align=\"center\">63<\/p>\n<\/td>\n<td>\n<p align=\"center\">1060<\/p>\n<\/td>\n<td>\n<p align=\"center\">1102 .8<\/p>\n<\/td>\n<\/tr>\n<\/tbody>\n<\/table>\n<p>\u00a0<\/p>\n<\/body>","protected":false},"excerpt":{"rendered":"<p><strong>Heidelberg<\/strong>\u00a0\u00a0a \u00e9t\u00e9 fond\u00e9e il y a plus de 150 ans en tant que fonderie de cloches et atelier d&#8217;usinage.\u00a0La soci\u00e9t\u00e9 est aujourd&#8217;hui le plus grand fournisseur de l&#8217;industrie de l&#8217;impression et de l&#8217;\u00e9dition avec pr\u00e8s d&#8217;un quart de million d&#8217;employ\u00e9s responsables de 400 000 presses Heidelberg dans 170 pays diff\u00e9rents\u00a0.<\/p>\n","protected":false},"featured_media":13788,"comment_status":"open","ping_status":"closed","template":"","meta":{"_monsterinsights_skip_tracking":false,"_monsterinsights_sitenote_active":false,"_monsterinsights_sitenote_note":"","_monsterinsights_sitenote_category":0},"product_cat":[91],"product_tag":[176,177,178,180,183,179,181,182],"class_list":{"0":"post-13888","1":"product","2":"type-product","3":"status-publish","4":"has-post-thumbnail","6":"product_cat-heidelberg-rubber-rollers","7":"product_tag-heidelberg-mo-rubbers-rollers","8":"product_tag-mo-alcolor-dampening-rollers","9":"product_tag-mo-conventional-rubber-rollers","10":"product_tag-mo-dampening-rollers","11":"product_tag-mo-ink-riders","12":"product_tag-mo-ink-rollers","13":"product_tag-mo-pan-roller","14":"product_tag-mo-z-roller","16":"first","17":"instock","18":"virtual","19":"product-type-simple"},"aioseo_notices":[],"_links":{"self":[{"href":"https:\/\/www.therubberrollers.com\/index.php\/wp-json\/wp\/v2\/product\/13888","targetHints":{"allow":["GET"]}}],"collection":[{"href":"https:\/\/www.therubberrollers.com\/index.php\/wp-json\/wp\/v2\/product"}],"about":[{"href":"https:\/\/www.therubberrollers.com\/index.php\/wp-json\/wp\/v2\/types\/product"}],"replies":[{"embeddable":true,"href":"https:\/\/www.therubberrollers.com\/index.php\/wp-json\/wp\/v2\/comments?post=13888"}],"wp:featuredmedia":[{"embeddable":true,"href":"https:\/\/www.therubberrollers.com\/index.php\/wp-json\/wp\/v2\/media\/13788"}],"wp:attachment":[{"href":"https:\/\/www.therubberrollers.com\/index.php\/wp-json\/wp\/v2\/media?parent=13888"}],"wp:term":[{"taxonomy":"product_cat","embeddable":true,"href":"https:\/\/www.therubberrollers.com\/index.php\/wp-json\/wp\/v2\/product_cat?post=13888"},{"taxonomy":"product_tag","embeddable":true,"href":"https:\/\/www.therubberrollers.com\/index.php\/wp-json\/wp\/v2\/product_tag?post=13888"}],"curies":[{"name":"wp","href":"https:\/\/api.w.org\/{rel}","templated":true}]}}