{"id":13893,"date":"2022-05-27T06:38:15","date_gmt":"2022-05-27T06:38:15","guid":{"rendered":"https:\/\/www.therubberrollers.com\/?post_type=product&#038;p=13893"},"modified":"2023-12-22T08:00:52","modified_gmt":"2023-12-22T08:00:52","slug":"rodillos-de-goma-sm-74","status":"publish","type":"product","link":"https:\/\/www.therubberrollers.com\/index.php\/product\/rodillos-de-goma-sm-74\/","title":{"rendered":"Rodillos de goma SM 74 S"},"content":{"rendered":"<body><div class=\"woocommerce-tabs wc-tabs-wrapper\">\n<div id=\"tab-description\" class=\"woocommerce-Tabs-panel woocommerce-Tabs-panel--description panel entry-content wc-tab\" role=\"tabpanel\" aria-labelledby=\"tab-title-description\">\n<table class=\"mceItemTable\" border=\"0\" width=\"507\" cellpadding=\"0\">\n<tbody>\n<tr>\n<td><strong>Posici\u00f3n del entintador<\/strong><\/td>\n<td>\n<p align=\"center\"><strong>Color<\/strong><\/p>\n<\/td>\n<td>\n<p align=\"center\"><strong>establecer q<\/strong><\/p>\n<\/td>\n<td>\n<p align=\"center\"><strong>IDENTIFICACI\u00d3N\u00a0\u00a0\u00a0\u00a0\u00a0\u00a0\u00a0\u00a0\u00a0\u00a0\u00a0 \u00a0<\/strong><\/p>\n<\/td>\n<td>\n<p align=\"center\"><strong>DESDE\u00a0\u00a0\u00a0\u00a0\u00a0\u00a0\u00a0\u00a0\u00a0\u00a0\u00a0<\/strong><\/p>\n<\/td>\n<td>\n<p align=\"center\"><strong>Florida\u00a0\u00a0\u00a0\u00a0\u00a0\u00a0\u00a0\u00a0\u00a0<\/strong><\/p>\n<\/td>\n<td>\n<p align=\"center\"><strong>OAL<\/strong><\/p>\n<\/td>\n<\/tr>\n<tr>\n<td>Forma (Oscilante\/Eje)<\/td>\n<td>\n<p align=\"center\">\u00a0Azul<\/p>\n<\/td>\n<td>\n<p align=\"center\">1<\/p>\n<\/td>\n<td>\n<p align=\"center\">41\/41<\/p>\n<\/td>\n<td>\n<p align=\"center\">55<\/p>\n<\/td>\n<td>\n<p align=\"center\">754<\/p>\n<\/td>\n<td>\n<p align=\"center\">822\/814<\/p>\n<\/td>\n<\/tr>\n<tr>\n<td>Forma (Oscilante\/Eje)<\/td>\n<td>\n<p align=\"center\">\u00a0Rojo<\/p>\n<\/td>\n<td>\n<p align=\"center\">1<\/p>\n<\/td>\n<td>\n<p align=\"center\">44\/41<\/p>\n<\/td>\n<td>\n<p align=\"center\">61<\/p>\n<\/td>\n<td>\n<p align=\"center\">754<\/p>\n<\/td>\n<td>\n<p align=\"center\">822\/814<\/p>\n<\/td>\n<\/tr>\n<tr>\n<td>Forma (Oscilante\/Eje)<\/td>\n<td>\n<p align=\"center\">\u00a0Blanco<\/p>\n<\/td>\n<td>\n<p align=\"center\">1<\/p>\n<\/td>\n<td>\n<p align=\"center\">44\/41<\/p>\n<\/td>\n<td>\n<p align=\"center\">sesenta y cinco<\/p>\n<\/td>\n<td>\n<p align=\"center\">754<\/p>\n<\/td>\n<td>\n<p align=\"center\">822\/814<\/p>\n<\/td>\n<\/tr>\n<tr>\n<td>Forma (Oscilante\/Eje)<\/td>\n<td>\n<p align=\"center\">Amarillo<\/p>\n<\/td>\n<td>\n<p align=\"center\">1<\/p>\n<\/td>\n<td>\n<p align=\"center\">44\/41<\/p>\n<\/td>\n<td>\n<p align=\"center\">70<\/p>\n<\/td>\n<td>\n<p align=\"center\">754<\/p>\n<\/td>\n<td>\n<p align=\"center\">822\/814<\/p>\n<\/td>\n<\/tr>\n<tr>\n<td>Recolector de chupetones<\/td>\n<td>\n<p align=\"center\">Blanco<\/p>\n<\/td>\n<td>\n<p align=\"center\">Optar.<\/p>\n<\/td>\n<td>\n<p align=\"center\">44\/41<\/p>\n<\/td>\n<td>\n<p align=\"center\">sesenta y cinco<\/p>\n<\/td>\n<td>\n<p align=\"center\">754<\/p>\n<\/td>\n<td>\n<p align=\"center\">822\/814<\/p>\n<\/td>\n<\/tr>\n<tr>\n<td>Gu\u00eda<\/td>\n<td>\n<p align=\"center\">Negro<\/p>\n<\/td>\n<td>\n<p align=\"center\">1<\/p>\n<\/td>\n<td>\n<p align=\"center\">38<\/p>\n<\/td>\n<td>\n<p align=\"center\">52<\/p>\n<\/td>\n<td>\n<p align=\"center\">750<\/p>\n<\/td>\n<td>\n<p align=\"center\">787<\/p>\n<\/td>\n<\/tr>\n<tr>\n<td>Distribuidor<\/td>\n<td>\n<p align=\"center\">Rojo<\/p>\n<\/td>\n<td>\n<p align=\"center\">2<\/p>\n<\/td>\n<td>\n<p align=\"center\">33<\/p>\n<\/td>\n<td>\n<p align=\"center\">55<\/p>\n<\/td>\n<td>\n<p align=\"center\">\u00a0752<\/p>\n<\/td>\n<td>\n<p align=\"center\">821.8<\/p>\n<\/td>\n<\/tr>\n<tr>\n<td>Distribuidor<\/td>\n<td>\n<p align=\"center\">Amarillo<\/p>\n<\/td>\n<td>\n<p align=\"center\">3<\/p>\n<\/td>\n<td>\n<p align=\"center\">38<\/p>\n<\/td>\n<td>\n<p align=\"center\">68<\/p>\n<\/td>\n<td>\n<p align=\"center\">\u00a0752<\/p>\n<\/td>\n<td>\n<p align=\"center\">821.8<\/p>\n<\/td>\n<\/tr>\n<tr>\n<td colspan=\"7\"><strong>Sistema de amortiguaci\u00f3n<\/strong><\/td>\n<\/tr>\n<tr>\n<td colspan=\"2\">Alcolor Water Form Complete* (estilo antiguo\/nuevo)<\/td>\n<td>\n<p align=\"center\">1<\/p>\n<\/td>\n<td>\n<p align=\"center\">54\/40mm<\/p>\n<\/td>\n<td>\n<p align=\"center\">75<\/p>\n<\/td>\n<td>\n<p align=\"center\">752<\/p>\n<\/td>\n<td>\n<p align=\"center\">852<\/p>\n<\/td>\n<\/tr>\n<tr>\n<td colspan=\"2\">Alcolor Pan Roller Complete* (Estilo antiguo\/nuevo)<br>\n*(El estilo antiguo incluye fijaciones, rodamientos nuevos, completamente ensamblado)<\/td>\n<td>\n<p align=\"center\">1<\/p>\n<\/td>\n<td><\/td>\n<td>\n<p align=\"center\">84.6<\/p>\n<\/td>\n<td>\u00a0768<\/td>\n<td>\u00a0768<\/td>\n<\/tr>\n<\/tbody>\n<\/table>\n<\/div>\n<\/div>\n<section class=\"related products\">\n<h2><\/h2>\n<\/section>\n<\/body>","protected":false},"excerpt":{"rendered":"<p><strong>Heidelberg<\/strong>\u00a0\u00a0se estableci\u00f3 hace m\u00e1s de 150 a\u00f1os como taller mec\u00e1nico y de fundici\u00f3n de campanas.\u00a0La compa\u00f1\u00eda es ahora el mayor proveedor de la industria editorial y de impresi\u00f3n con casi un cuarto de mill\u00f3n de empleados responsables de 400.000 prensas Heidelberg en 170 pa\u00edses diferentes\u00a0.<\/p>\n","protected":false},"featured_media":13709,"comment_status":"open","ping_status":"closed","template":"","meta":{"_monsterinsights_skip_tracking":false,"_monsterinsights_sitenote_active":false,"_monsterinsights_sitenote_note":"","_monsterinsights_sitenote_category":0},"product_cat":[91],"product_tag":[176,177,178,180,183,179,181,182],"class_list":{"0":"post-13893","1":"product","2":"type-product","3":"status-publish","4":"has-post-thumbnail","6":"product_cat-heidelberg-rubber-rollers","7":"product_tag-heidelberg-mo-rubbers-rollers","8":"product_tag-mo-alcolor-dampening-rollers","9":"product_tag-mo-conventional-rubber-rollers","10":"product_tag-mo-dampening-rollers","11":"product_tag-mo-ink-riders","12":"product_tag-mo-ink-rollers","13":"product_tag-mo-pan-roller","14":"product_tag-mo-z-roller","16":"first","17":"instock","18":"virtual","19":"product-type-simple"},"aioseo_notices":[],"_links":{"self":[{"href":"https:\/\/www.therubberrollers.com\/index.php\/wp-json\/wp\/v2\/product\/13893","targetHints":{"allow":["GET"]}}],"collection":[{"href":"https:\/\/www.therubberrollers.com\/index.php\/wp-json\/wp\/v2\/product"}],"about":[{"href":"https:\/\/www.therubberrollers.com\/index.php\/wp-json\/wp\/v2\/types\/product"}],"replies":[{"embeddable":true,"href":"https:\/\/www.therubberrollers.com\/index.php\/wp-json\/wp\/v2\/comments?post=13893"}],"wp:featuredmedia":[{"embeddable":true,"href":"https:\/\/www.therubberrollers.com\/index.php\/wp-json\/wp\/v2\/media\/13709"}],"wp:attachment":[{"href":"https:\/\/www.therubberrollers.com\/index.php\/wp-json\/wp\/v2\/media?parent=13893"}],"wp:term":[{"taxonomy":"product_cat","embeddable":true,"href":"https:\/\/www.therubberrollers.com\/index.php\/wp-json\/wp\/v2\/product_cat?post=13893"},{"taxonomy":"product_tag","embeddable":true,"href":"https:\/\/www.therubberrollers.com\/index.php\/wp-json\/wp\/v2\/product_tag?post=13893"}],"curies":[{"name":"wp","href":"https:\/\/api.w.org\/{rel}","templated":true}]}}